{"id":322,"date":"2025-04-23T08:47:00","date_gmt":"2025-04-23T08:47:00","guid":{"rendered":"https:\/\/stage.sgssolar.ro\/?page_id=322"},"modified":"2025-04-23T15:56:01","modified_gmt":"2025-04-23T15:56:01","slug":"blog-2","status":"publish","type":"page","link":"https:\/\/stage.sgssolar.ro\/ro\/blog-2\/","title":{"rendered":"Blog"},"content":{"rendered":"\t\t<div data-elementor-type=\"wp-page\" data-elementor-id=\"322\" class=\"elementor elementor-322 elementor-23\" data-elementor-settings=\"{&quot;ha_cmc_init_switcher&quot;:&quot;no&quot;}\" data-elementor-post-type=\"page\">\n\t\t\t\t<div class=\"elementor-element elementor-element-9004595 e-flex e-con-boxed e-con e-parent\" data-id=\"9004595\" data-element_type=\"container\" data-settings=\"{&quot;background_background&quot;:&quot;classic&quot;,&quot;_ha_eqh_enable&quot;:false}\">\n\t\t\t\t\t<div class=\"e-con-inner\">\n\t\t<div class=\"elementor-element elementor-element-ee2f3d8 e-con-full e-flex e-con e-child\" data-id=\"ee2f3d8\" data-element_type=\"container\" data-settings=\"{&quot;_ha_eqh_enable&quot;:false}\">\n\t\t\t\t<div class=\"elementor-element elementor-element-4dfae26 elementor-widget elementor-widget-heading\" data-id=\"4dfae26\" data-element_type=\"widget\" data-widget_type=\"heading.default\">\n\t\t\t\t<div class=\"elementor-widget-container\">\n\t\t\t\t\t<h2 class=\"elementor-heading-title elementor-size-default\">Blog<\/h2>\t\t\t\t<\/div>\n\t\t\t\t<\/div>\n\t\t\t\t<\/div>\n\t\t<div class=\"elementor-element elementor-element-791a2db e-con-full e-flex e-con e-child\" data-id=\"791a2db\" data-element_type=\"container\" data-settings=\"{&quot;_ha_eqh_enable&quot;:false}\">\n\t\t\t\t<div class=\"elementor-element elementor-element-aa4de53 elementor-widget elementor-widget-ha-breadcrumbs happy-addon ha-breadcrumbs happy-addon-pro\" data-id=\"aa4de53\" data-element_type=\"widget\" data-widget_type=\"ha-breadcrumbs.default\">\n\t\t\t\t<div class=\"elementor-widget-container\">\n\t\t\t\t\t<ul class=\"ha-breadcrumbs\"><li class=\"ha-breadcrumbs-item ha-breadcrumbs-start\"><a href=\"https:\/\/stage.sgssolar.ro\/ro\/\" rel=\"home\"><span class=\"ha-breadcrumbs-text\"><span class=\"ha-breadcrumbs-home-icon\"><span class=\"fas fa-home\" aria-hidden=\"true\"><\/span><\/span>Acasa<\/span><\/a><\/li><\/ul>\t\t\t\t<\/div>\n\t\t\t\t<\/div>\n\t\t\t\t<\/div>\n\t\t\t\t\t<\/div>\n\t\t\t\t<\/div>\n\t\t<div class=\"elementor-element elementor-element-67cedf4 e-flex e-con-boxed e-con e-parent\" data-id=\"67cedf4\" data-element_type=\"container\" data-settings=\"{&quot;_ha_eqh_enable&quot;:false}\">\n\t\t\t\t\t<div class=\"e-con-inner\">\n\t\t\t\t<div class=\"elementor-element elementor-element-c1702ac ha-pg-grid-3 ha-pg-grid-tablet-2 ha-pg-grid-mobile-1 elementor-widget elementor-widget-ha-post-grid-new happy-addon ha-post-grid-new happy-addon-pro\" data-id=\"c1702ac\" data-element_type=\"widget\" data-settings=\"{&quot;columns&quot;:&quot;3&quot;,&quot;columns_tablet&quot;:&quot;2&quot;,&quot;columns_mobile&quot;:&quot;1&quot;}\" data-widget_type=\"ha-post-grid-new.default\">\n\t\t\t\t<div class=\"elementor-widget-container\">\n\t\t\t\t\t\t\t\t\t\t\t<div class=\"ha-pg-wrapper ha-pg-default ha-pg-monastic\">\n\t\t\t\t\t<div class=\"ha-pg-grid-wrap\">\n\t\t\t\t\t\n\t\t\t\t\t\t\t\t<div class=\"ha-pg-item\">\n\t\t\t<div class=\"ha-pg-monastic-top\">\n\t\t\t\t\t\t\t\t\t<div class=\"ha-pg-thumb-area\">\n\t\t\t\t\t\t<a href=\"https:\/\/stage.sgssolar.ro\/ro\/2025\/04\/23\/cum-functioneaza-energia-solara\/\" class=\"ha-pg-thumb\">\n\t\t\t\t\t\t\t<img fetchpriority=\"high\" decoding=\"async\" width=\"1030\" height=\"791\" src=\"https:\/\/stage.sgssolar.ro\/wp-content\/uploads\/2025\/04\/3-1030x791-1.webp\" class=\"attachment-full size-full wp-post-image\" alt=\"\" srcset=\"https:\/\/stage.sgssolar.ro\/wp-content\/uploads\/2025\/04\/3-1030x791-1.webp 1030w, https:\/\/stage.sgssolar.ro\/wp-content\/uploads\/2025\/04\/3-1030x791-1-300x230.webp 300w, https:\/\/stage.sgssolar.ro\/wp-content\/uploads\/2025\/04\/3-1030x791-1-1024x786.webp 1024w, https:\/\/stage.sgssolar.ro\/wp-content\/uploads\/2025\/04\/3-1030x791-1-768x590.webp 768w\" sizes=\"(max-width: 1030px) 100vw, 1030px\" \/>\t\t\t\t\t\t<\/a>\n\t\t\t\t\t<\/div>\n\t\t\t\t\t\t\t\t<div class=\"ha-pg-content-area\">\n\t\t\t\t\t\t\t\t<div class=\"ha-pg-badge\">\n\t\t\t\t<a href=\"https:\/\/stage.sgssolar.ro\/ro\/category\/blog\/\" class=\"ha-pg-badge-taxonomy\" rel=\"tag\">Blog<\/a>\t\t\t<\/div>\n\t\t\n\t\t\t\t\t<h4 class=\"ha-pg-title\"><a href=\"https:\/\/stage.sgssolar.ro\/ro\/2025\/04\/23\/cum-functioneaza-energia-solara\/\">Cum func\u021bioneaz\u0103 energia solar\u0103?<\/a><\/h4>\n\t\t\t\t\t\t\t\t<div class=\"ha-pg-excerpt\">\n\t\t\t\t<p>Energia solar\u0103 valorific\u0103 lumina \u0219i c\u0103ldura de la soare \u0219i exist\u0103 mai multe tehnologii disponibile&hellip;<\/p>\t\t\t<\/div>\n\t\t\t\t\t\t<\/div>\n\t\t\t<\/div>\n\t\t\t\t\t\t<div class=\"ha-pg-meta-wrap\">\n\t\t\t\t<ul>\n\t\t\t\t\t\t\t\t\t\t\t\t\t\t\t\t<li class=\"ha-pg-date\">\n\t\t\t\t\t\t\t\t\t<a class=\"ha-pg-date-text\" href=\"https:\/\/stage.sgssolar.ro\/ro\/2025\/04\/23\/\">\n\t\t\t\t\t\t\t<svg xmlns=\"http:\/\/www.w3.org\/2000\/svg\" width=\"32\" height=\"32\" viewBox=\"0 0 32 32\"><path d=\"M32 16c0 8.8-7.2 16-16 16S0 24.8 0 16 7.2 0 16 0 32 7.2 32 16zM22.2 19.5c0-0.3-0.2-0.6-0.4-0.8L18.1 16V6.7c0-0.6-0.5-1-1-1H15c-0.6 0-1 0.5-1 1v10 0c0 0.7 0.4 1.6 1 2l4.3 3.2c0.2 0.1 0.4 0.2 0.6 0.2 0.3 0 0.6-0.2 0.8-0.4l1.3-1.6C22.1 20 22.2 19.7 22.2 19.5z\"\/><\/svg>\n\t\t\t\t\t\taprilie 23, 2025\t\t<\/a>\n\t\t\t\t\t\t\t\t<\/li>\n\t\t\t\t\t\t\t\t\t\t\t\t\t\t<\/ul>\n\t\t\t<\/div>\n\t\t        <\/div>\n\t\n\t\t\t\t\t\n\t\t\t\t\t\t\t\t<div class=\"ha-pg-item\">\n\t\t\t<div class=\"ha-pg-monastic-top\">\n\t\t\t\t\t\t\t\t\t<div class=\"ha-pg-thumb-area\">\n\t\t\t\t\t\t<a href=\"https:\/\/stage.sgssolar.ro\/ro\/2024\/04\/09\/cum-functioneaza-panourile-solare-pentru-apa-calda\/\" class=\"ha-pg-thumb\">\n\t\t\t\t\t\t\t<img decoding=\"async\" width=\"1030\" height=\"686\" src=\"https:\/\/stage.sgssolar.ro\/wp-content\/uploads\/2025\/04\/1-1030x686-1.webp\" class=\"attachment-full size-full wp-post-image\" alt=\"\" srcset=\"https:\/\/stage.sgssolar.ro\/wp-content\/uploads\/2025\/04\/1-1030x686-1.webp 1030w, https:\/\/stage.sgssolar.ro\/wp-content\/uploads\/2025\/04\/1-1030x686-1-300x200.webp 300w, https:\/\/stage.sgssolar.ro\/wp-content\/uploads\/2025\/04\/1-1030x686-1-1024x682.webp 1024w, https:\/\/stage.sgssolar.ro\/wp-content\/uploads\/2025\/04\/1-1030x686-1-768x512.webp 768w\" sizes=\"(max-width: 1030px) 100vw, 1030px\" \/>\t\t\t\t\t\t<\/a>\n\t\t\t\t\t<\/div>\n\t\t\t\t\t\t\t\t<div class=\"ha-pg-content-area\">\n\t\t\t\t\t\t\t\t<div class=\"ha-pg-badge\">\n\t\t\t\t<a href=\"https:\/\/stage.sgssolar.ro\/ro\/category\/blog\/\" class=\"ha-pg-badge-taxonomy\" rel=\"tag\">Blog<\/a>\t\t\t<\/div>\n\t\t\n\t\t\t\t\t<h4 class=\"ha-pg-title\"><a href=\"https:\/\/stage.sgssolar.ro\/ro\/2024\/04\/09\/cum-functioneaza-panourile-solare-pentru-apa-calda\/\">Cum func\u021bioneaz\u0103 panourile solare pentru ap\u0103 cald\u0103?<\/a><\/h4>\n\t\t\t\t\t\t\t\t<div class=\"ha-pg-excerpt\">\n\t\t\t\t<p>Panourile solare pentru ap\u0103 cald\u0103 devin din ce \u00een ce mai populare \u00een locuin\u021be \u0219i&hellip;<\/p>\t\t\t<\/div>\n\t\t\t\t\t\t<\/div>\n\t\t\t<\/div>\n\t\t\t\t\t\t<div class=\"ha-pg-meta-wrap\">\n\t\t\t\t<ul>\n\t\t\t\t\t\t\t\t\t\t\t\t\t\t\t\t<li class=\"ha-pg-date\">\n\t\t\t\t\t\t\t\t\t<a class=\"ha-pg-date-text\" href=\"https:\/\/stage.sgssolar.ro\/ro\/2024\/04\/09\/\">\n\t\t\t\t\t\t\t<svg xmlns=\"http:\/\/www.w3.org\/2000\/svg\" width=\"32\" height=\"32\" viewBox=\"0 0 32 32\"><path d=\"M32 16c0 8.8-7.2 16-16 16S0 24.8 0 16 7.2 0 16 0 32 7.2 32 16zM22.2 19.5c0-0.3-0.2-0.6-0.4-0.8L18.1 16V6.7c0-0.6-0.5-1-1-1H15c-0.6 0-1 0.5-1 1v10 0c0 0.7 0.4 1.6 1 2l4.3 3.2c0.2 0.1 0.4 0.2 0.6 0.2 0.3 0 0.6-0.2 0.8-0.4l1.3-1.6C22.1 20 22.2 19.7 22.2 19.5z\"\/><\/svg>\n\t\t\t\t\t\taprilie 9, 2024\t\t<\/a>\n\t\t\t\t\t\t\t\t<\/li>\n\t\t\t\t\t\t\t\t\t\t\t\t\t\t<\/ul>\n\t\t\t<\/div>\n\t\t        <\/div>\n\t\n\t\t\t\t\t\n\t\t\t\t\t\t\t\t<div class=\"ha-pg-item\">\n\t\t\t<div class=\"ha-pg-monastic-top\">\n\t\t\t\t\t\t\t\t\t<div class=\"ha-pg-thumb-area\">\n\t\t\t\t\t\t<a href=\"https:\/\/stage.sgssolar.ro\/ro\/2024\/04\/08\/cum-poti-contribui-la-un-viitor-mai-curat-puterea-energiei-solare\/\" class=\"ha-pg-thumb\">\n\t\t\t\t\t\t\t<img decoding=\"async\" width=\"1030\" height=\"686\" src=\"https:\/\/stage.sgssolar.ro\/wp-content\/uploads\/2025\/04\/2-1030x686-1.webp\" class=\"attachment-full size-full wp-post-image\" alt=\"\" srcset=\"https:\/\/stage.sgssolar.ro\/wp-content\/uploads\/2025\/04\/2-1030x686-1.webp 1030w, https:\/\/stage.sgssolar.ro\/wp-content\/uploads\/2025\/04\/2-1030x686-1-300x200.webp 300w, https:\/\/stage.sgssolar.ro\/wp-content\/uploads\/2025\/04\/2-1030x686-1-1024x682.webp 1024w, https:\/\/stage.sgssolar.ro\/wp-content\/uploads\/2025\/04\/2-1030x686-1-768x512.webp 768w\" sizes=\"(max-width: 1030px) 100vw, 1030px\" \/>\t\t\t\t\t\t<\/a>\n\t\t\t\t\t<\/div>\n\t\t\t\t\t\t\t\t<div class=\"ha-pg-content-area\">\n\t\t\t\t\t\t\t\t<div class=\"ha-pg-badge\">\n\t\t\t\t<a href=\"https:\/\/stage.sgssolar.ro\/ro\/category\/blog\/\" class=\"ha-pg-badge-taxonomy\" rel=\"tag\">Blog<\/a>\t\t\t<\/div>\n\t\t\n\t\t\t\t\t<h4 class=\"ha-pg-title\"><a href=\"https:\/\/stage.sgssolar.ro\/ro\/2024\/04\/08\/cum-poti-contribui-la-un-viitor-mai-curat-puterea-energiei-solare\/\">Cum po\u021bi contribui la un viitor mai curat? \u2014 Puterea energiei solare<\/a><\/h4>\n\t\t\t\t\t\t\t\t<div class=\"ha-pg-excerpt\">\n\t\t\t\t<p>Protec\u021bia mediului nu mai este doar o problem\u0103 a oamenilor de \u0219tiin\u021b\u0103 \u0219i a activi\u0219tilor,&hellip;<\/p>\t\t\t<\/div>\n\t\t\t\t\t\t<\/div>\n\t\t\t<\/div>\n\t\t\t\t\t\t<div class=\"ha-pg-meta-wrap\">\n\t\t\t\t<ul>\n\t\t\t\t\t\t\t\t\t\t\t\t\t\t\t\t<li class=\"ha-pg-date\">\n\t\t\t\t\t\t\t\t\t<a class=\"ha-pg-date-text\" href=\"https:\/\/stage.sgssolar.ro\/ro\/2024\/04\/08\/\">\n\t\t\t\t\t\t\t<svg xmlns=\"http:\/\/www.w3.org\/2000\/svg\" width=\"32\" height=\"32\" viewBox=\"0 0 32 32\"><path d=\"M32 16c0 8.8-7.2 16-16 16S0 24.8 0 16 7.2 0 16 0 32 7.2 32 16zM22.2 19.5c0-0.3-0.2-0.6-0.4-0.8L18.1 16V6.7c0-0.6-0.5-1-1-1H15c-0.6 0-1 0.5-1 1v10 0c0 0.7 0.4 1.6 1 2l4.3 3.2c0.2 0.1 0.4 0.2 0.6 0.2 0.3 0 0.6-0.2 0.8-0.4l1.3-1.6C22.1 20 22.2 19.7 22.2 19.5z\"\/><\/svg>\n\t\t\t\t\t\taprilie 8, 2024\t\t<\/a>\n\t\t\t\t\t\t\t\t<\/li>\n\t\t\t\t\t\t\t\t\t\t\t\t\t\t<\/ul>\n\t\t\t<\/div>\n\t\t        <\/div>\n\t\n\t\t\t\t\t\t\t\t\t\t\t\t\t\t\t<\/div>\n\t\t\t\t\t\t\t\t\t<\/div>\n\t\t\t\t\t\t\t\t\t<\/div>\n\t\t\t\t<\/div>\n\t\t\t\t\t<\/div>\n\t\t\t\t<\/div>\n\t\t\t\t<\/div>\n\t\t","protected":false},"excerpt":{"rendered":"<p>Acasa Blog Cum func\u021bioneaz\u0103 energia solar\u0103? Energia solar\u0103 valorific\u0103 lumina \u0219i c\u0103ldura de la soare \u0219i exist\u0103 mai multe tehnologii [&hellip;]<\/p>\n","protected":false},"author":1,"featured_media":0,"parent":0,"menu_order":0,"comment_status":"closed","ping_status":"closed","template":"","meta":{"site-sidebar-layout":"no-sidebar","site-content-layout":"","ast-site-content-layout":"full-width-container","site-content-style":"default","site-sidebar-style":"default","ast-global-header-display":"","ast-banner-title-visibility":"","ast-main-header-display":"","ast-hfb-above-header-display":"","ast-hfb-below-header-display":"","ast-hfb-mobile-header-display":"","site-post-title":"disabled","ast-breadcrumbs-content":"","ast-featured-img":"disabled","footer-sml-layout":"","theme-transparent-header-meta":"","adv-header-id-meta":"","stick-header-meta":"","header-above-stick-meta":"","header-main-stick-meta":"","header-below-stick-meta":"","astra-migrate-meta-layouts":"default","ast-page-background-enabled":"default","ast-page-background-meta":{"desktop":{"background-color":"var(--ast-global-color-5)","background-image":"","background-repeat":"repeat","background-position":"center center","background-size":"auto","background-attachment":"scroll","background-type":"","background-media":"","overlay-type":"","overlay-color":"","overlay-opacity":"","overlay-gradient":""},"tablet":{"background-color":"","background-image":"","background-repeat":"repeat","background-position":"center center","background-size":"auto","background-attachment":"scroll","background-type":"","background-media":"","overlay-type":"","overlay-color":"","overlay-opacity":"","overlay-gradient":""},"mobile":{"background-color":"","background-image":"","background-repeat":"repeat","background-position":"center center","background-size":"auto","background-attachment":"scroll","background-type":"","background-media":"","overlay-type":"","overlay-color":"","overlay-opacity":"","overlay-gradient":""}},"ast-content-background-meta":{"desktop":{"background-color":"var(--ast-global-color-4)","background-image":"","background-repeat":"repeat","background-position":"center center","background-size":"auto","background-attachment":"scroll","background-type":"","background-media":"","overlay-type":"","overlay-color":"","overlay-opacity":"","overlay-gradient":""},"tablet":{"background-color":"var(--ast-global-color-4)","background-image":"","background-repeat":"repeat","background-position":"center center","background-size":"auto","background-attachment":"scroll","background-type":"","background-media":"","overlay-type":"","overlay-color":"","overlay-opacity":"","overlay-gradient":""},"mobile":{"background-color":"var(--ast-global-color-4)","background-image":"","background-repeat":"repeat","background-position":"center center","background-size":"auto","background-attachment":"scroll","background-type":"","background-media":"","overlay-type":"","overlay-color":"","overlay-opacity":"","overlay-gradient":""}},"footnotes":""},"class_list":["post-322","page","type-page","status-publish","hentry"],"_links":{"self":[{"href":"https:\/\/stage.sgssolar.ro\/ro\/wp-json\/wp\/v2\/pages\/322","targetHints":{"allow":["GET"]}}],"collection":[{"href":"https:\/\/stage.sgssolar.ro\/ro\/wp-json\/wp\/v2\/pages"}],"about":[{"href":"https:\/\/stage.sgssolar.ro\/ro\/wp-json\/wp\/v2\/types\/page"}],"author":[{"embeddable":true,"href":"https:\/\/stage.sgssolar.ro\/ro\/wp-json\/wp\/v2\/users\/1"}],"replies":[{"embeddable":true,"href":"https:\/\/stage.sgssolar.ro\/ro\/wp-json\/wp\/v2\/comments?post=322"}],"version-history":[{"count":0,"href":"https:\/\/stage.sgssolar.ro\/ro\/wp-json\/wp\/v2\/pages\/322\/revisions"}],"wp:attachment":[{"href":"https:\/\/stage.sgssolar.ro\/ro\/wp-json\/wp\/v2\/media?parent=322"}],"curies":[{"name":"wp","href":"https:\/\/api.w.org\/{rel}","templated":true}]}}