{"id":394,"date":"2025-04-24T07:34:42","date_gmt":"2025-04-24T07:34:42","guid":{"rendered":"https:\/\/stage.sgssolar.ro\/?page_id=394"},"modified":"2025-04-24T07:35:33","modified_gmt":"2025-04-24T07:35:33","slug":"politica-cookies","status":"publish","type":"page","link":"https:\/\/stage.sgssolar.ro\/ro\/politica-cookies\/","title":{"rendered":"Politica cookies"},"content":{"rendered":"\t\t<div data-elementor-type=\"wp-page\" data-elementor-id=\"394\" class=\"elementor elementor-394 elementor-389\" data-elementor-settings=\"{&quot;ha_cmc_init_switcher&quot;:&quot;no&quot;}\" data-elementor-post-type=\"page\">\n\t\t\t\t<div class=\"elementor-element elementor-element-69661ce e-flex e-con-boxed e-con e-parent\" data-id=\"69661ce\" data-element_type=\"container\" data-settings=\"{&quot;background_background&quot;:&quot;classic&quot;,&quot;_ha_eqh_enable&quot;:false}\">\n\t\t\t\t\t<div class=\"e-con-inner\">\n\t\t<div class=\"elementor-element elementor-element-a4eb311 e-con-full e-flex e-con e-child\" data-id=\"a4eb311\" data-element_type=\"container\" data-settings=\"{&quot;_ha_eqh_enable&quot;:false}\">\n\t\t\t\t<div class=\"elementor-element elementor-element-4dde010 elementor-widget elementor-widget-heading\" data-id=\"4dde010\" data-element_type=\"widget\" data-widget_type=\"heading.default\">\n\t\t\t\t<div class=\"elementor-widget-container\">\n\t\t\t\t\t<h2 class=\"elementor-heading-title elementor-size-default\">Politica cookies<\/h2>\t\t\t\t<\/div>\n\t\t\t\t<\/div>\n\t\t\t\t<\/div>\n\t\t<div class=\"elementor-element elementor-element-21cb7b9 e-con-full e-flex e-con e-child\" data-id=\"21cb7b9\" data-element_type=\"container\" data-settings=\"{&quot;_ha_eqh_enable&quot;:false}\">\n\t\t\t\t<div class=\"elementor-element elementor-element-61d7b21 elementor-widget elementor-widget-ha-breadcrumbs happy-addon ha-breadcrumbs happy-addon-pro\" data-id=\"61d7b21\" data-element_type=\"widget\" data-widget_type=\"ha-breadcrumbs.default\">\n\t\t\t\t<div class=\"elementor-widget-container\">\n\t\t\t\t\t<ul class=\"ha-breadcrumbs\"><li class=\"ha-breadcrumbs-item ha-breadcrumbs-start\"><a href=\"https:\/\/stage.sgssolar.ro\/ro\/\" rel=\"home\"><span class=\"ha-breadcrumbs-text\"><span class=\"ha-breadcrumbs-home-icon\"><span class=\"fas fa-home\" aria-hidden=\"true\"><\/span><\/span>F\u0151oldal<\/span><\/a><\/li><\/ul>\t\t\t\t<\/div>\n\t\t\t\t<\/div>\n\t\t\t\t<\/div>\n\t\t\t\t\t<\/div>\n\t\t\t\t<\/div>\n\t\t<div class=\"elementor-element elementor-element-e11a54c e-flex e-con-boxed e-con e-parent\" data-id=\"e11a54c\" data-element_type=\"container\" data-settings=\"{&quot;_ha_eqh_enable&quot;:false}\">\n\t\t\t\t\t<div class=\"e-con-inner\">\n\t\t\t\t<div class=\"elementor-element elementor-element-83ee390 elementor-widget elementor-widget-text-editor\" data-id=\"83ee390\" data-element_type=\"widget\" data-widget_type=\"text-editor.default\">\n\t\t\t\t<div class=\"elementor-widget-container\">\n\t\t\t\t\t\t\t\t\t<p class=\"\" data-start=\"229\" data-end=\"301\"><strong data-start=\"229\" data-end=\"258\">Smart Green Solutions SRL<\/strong><br data-start=\"258\" data-end=\"261\" \/><strong data-start=\"261\" data-end=\"290\">Data ultimei actualiz\u0103ri:<\/strong> 01.01.2024<\/p><h2 class=\"\" data-start=\"303\" data-end=\"332\">1. Ce sunt cookie-urile?<\/h2><p class=\"\" data-start=\"333\" data-end=\"675\">Cookie-urile sunt fi\u0219iere text de mici dimensiuni care sunt stocate pe dispozitivul t\u0103u (calculator, telefon, tablet\u0103) atunci c\u00e2nd vizitezi un site web. Acestea con\u021bin informa\u021bii anonime \u0219i ajut\u0103 la \u00eembun\u0103t\u0103\u021birea experien\u021bei utilizatorului, la analizarea comportamentului de navigare \u0219i la personalizarea con\u021binutului \u0219i a reclamelor afi\u0219ate.<\/p><h2 class=\"\" data-start=\"677\" data-end=\"715\">2. Tipuri de cookie-uri utilizate<\/h2><p class=\"\" data-start=\"716\" data-end=\"791\">Pe site-ul <strong data-start=\"727\" data-end=\"745\">zoldenergia.ro<\/strong>, folosim urm\u0103toarele categorii de cookie-uri:<\/p><h3 class=\"\" data-start=\"793\" data-end=\"828\">a) Cookie-uri strict necesare<\/h3><p class=\"\" data-start=\"829\" data-end=\"1049\">Aceste cookie-uri sunt esen\u021biale pentru func\u021bionarea corect\u0103 a site-ului \u0219i nu pot fi dezactivate \u00een sistemele noastre. Ele permit func\u021bii de baz\u0103 precum navigarea pe pagin\u0103 \u0219i accesul la zonele securizate ale site-ului.<\/p><h3 class=\"\" data-start=\"1051\" data-end=\"1096\">b) Cookie-uri de analiz\u0103 \u0219i performan\u021b\u0103<\/h3><p class=\"\" data-start=\"1097\" data-end=\"1282\">Folosim <strong data-start=\"1105\" data-end=\"1125\">Google Analytics<\/strong> pentru a analiza modul \u00een care utilizatorii navigheaz\u0103 pe site \u0219i pentru a \u00eembun\u0103t\u0103\u021bi con\u021binutul \u0219i structura acestuia. Informa\u021biile colectate sunt anonime.<\/p><h3 class=\"\" data-start=\"1284\" data-end=\"1316\">c) Cookie-uri de marketing<\/h3><p class=\"\" data-start=\"1317\" data-end=\"1537\">Folosim cookie-uri pentru campanii de remarketing, prin platforme precum <strong data-start=\"1390\" data-end=\"1404\">Google Ads<\/strong> \u0219i <strong data-start=\"1408\" data-end=\"1420\">Facebook<\/strong>. Aceste cookie-uri ne permit s\u0103 afi\u0219\u0103m reclame personalizate utilizatorilor care au vizitat anterior site-ul nostru.<\/p><h2 class=\"\" data-start=\"1539\" data-end=\"1574\">3. Cookie-uri plasate de ter\u021bi<\/h2><p class=\"\" data-start=\"1575\" data-end=\"1651\">Pe site-ul nostru pot fi active \u0219i cookie-uri plasate de ter\u021bi, cum ar fi:<\/p><ul data-start=\"1652\" data-end=\"1791\"><li class=\"\" data-start=\"1652\" data-end=\"1715\"><p class=\"\" data-start=\"1654\" data-end=\"1715\"><strong data-start=\"1654\" data-end=\"1668\">Google LLC<\/strong> \u2013 pentru analiz\u0103, publicitate \u0219i remarketing<\/p><\/li><li class=\"\" data-start=\"1716\" data-end=\"1791\"><p class=\"\" data-start=\"1718\" data-end=\"1791\"><strong data-start=\"1718\" data-end=\"1735\">Facebook Inc.<\/strong> \u2013 pentru afi\u0219area reclamelor targetate (Facebook Pixel)<\/p><\/li><\/ul><p class=\"\" data-start=\"1793\" data-end=\"1895\">Aceste ter\u021be p\u0103r\u021bi pot colecta informa\u021bii despre activitatea ta online, inclusiv pe alte site-uri web.<\/p><h2 class=\"\" data-start=\"1897\" data-end=\"1936\">4. Durata de via\u021b\u0103 a cookie-urilor<\/h2><ul data-start=\"1937\" data-end=\"2131\"><li class=\"\" data-start=\"1937\" data-end=\"2011\"><p class=\"\" data-start=\"1939\" data-end=\"2011\">Cookie-urile de sesiune sunt \u0219terse automat la \u00eenchiderea browserului.<\/p><\/li><li class=\"\" data-start=\"2012\" data-end=\"2131\"><p class=\"\" data-start=\"2014\" data-end=\"2131\">Cookie-urile persistente pot r\u0103m\u00e2ne pe dispozitiv p\u00e2n\u0103 la 365 zile sau p\u00e2n\u0103 la \u0219tergerea manual\u0103 de c\u0103tre utilizator.<\/p><\/li><\/ul><h2 class=\"\" data-start=\"2133\" data-end=\"2172\">5. Cum po\u021bi gestiona cookie-urile?<\/h2><p class=\"\" data-start=\"2173\" data-end=\"2248\">Ai posibilitatea de a controla \u0219i\/sau \u0219terge cookie-urile dup\u0103 cum dore\u0219ti:<\/p><ul data-start=\"2250\" data-end=\"2406\"><li class=\"\" data-start=\"2250\" data-end=\"2339\"><p class=\"\" data-start=\"2252\" data-end=\"2339\">Po\u021bi configura browserul s\u0103 blocheze toate cookie-urile sau doar pe cele de la ter\u021bi.<\/p><\/li><li class=\"\" data-start=\"2340\" data-end=\"2406\"><p class=\"\" data-start=\"2342\" data-end=\"2406\">Po\u021bi \u0219terge toate cookie-urile deja stocate pe dispozitivul t\u0103u.<\/p><\/li><\/ul><p class=\"\" data-start=\"2408\" data-end=\"2446\">Instruc\u021biuni pentru fiecare browser:<\/p><ul data-start=\"2447\" data-end=\"2793\"><li class=\"\" data-start=\"2447\" data-end=\"2543\"><p class=\"\" data-start=\"2449\" data-end=\"2543\">Chrome: <em data-start=\"2457\" data-end=\"2541\">Set\u0103ri &gt; Confiden\u021bialitate \u0219i securitate &gt; Cookie-uri \u0219i alte date ale site-urilor<\/em><\/p><\/li><li class=\"\" data-start=\"2544\" data-end=\"2636\"><p class=\"\" data-start=\"2546\" data-end=\"2636\">Firefox: <em data-start=\"2555\" data-end=\"2634\">Op\u021biuni &gt; Confiden\u021bialitate &amp; Securitate &gt; Cookie-uri \u0219i date ale site-urilor<\/em><\/p><\/li><li class=\"\" data-start=\"2637\" data-end=\"2707\"><p class=\"\" data-start=\"2639\" data-end=\"2707\">Safari: <em data-start=\"2647\" data-end=\"2705\">Preferin\u021be &gt; Confiden\u021bialitate &gt; Gestionare date website<\/em><\/p><\/li><li class=\"\" data-start=\"2708\" data-end=\"2793\"><p class=\"\" data-start=\"2710\" data-end=\"2793\">Edge: <em data-start=\"2716\" data-end=\"2793\">Set\u0103ri &gt; Confiden\u021bialitate, c\u0103utare \u0219i servicii &gt; \u0218tergere date de navigare<\/em><\/p><\/li><\/ul><h2 class=\"\" data-start=\"2795\" data-end=\"2824\">6. Refuzul cookie-urilor<\/h2><p class=\"\" data-start=\"2825\" data-end=\"2944\">Refuzul cookie-urilor poate limita unele func\u021bionalit\u0103\u021bi ale site-ului nostru \u0219i poate afecta experien\u021ba de navigare.<\/p><p class=\"\" data-start=\"2946\" data-end=\"3121\">Pentru a refuza urm\u0103rirea Google Analytics, po\u021bi instala extensia oficial\u0103 oferit\u0103 de Google:<br data-start=\"3039\" data-end=\"3042\" \/>\ud83d\udc49 <a target=\"_new\" rel=\"noopener\" data-start=\"3045\" data-end=\"3121\">tools.google.com\/dlpage\/gaoptout<\/a><\/p><h2 class=\"\" data-start=\"3123\" data-end=\"3138\">7. Contact<\/h2><p class=\"\" data-start=\"3139\" data-end=\"3277\">Pentru orice \u00eentrebare legat\u0103 de politica noastr\u0103 de cookie-uri, ne po\u021bi contacta:<br data-start=\"3221\" data-end=\"3224\" \/>\ud83d\udce7 <strong data-start=\"3227\" data-end=\"3252\"><a rel=\"noopener\" data-start=\"3229\" data-end=\"3250\">office@zoldenergia.ro<\/a><\/strong><br data-start=\"3252\" data-end=\"3255\" \/>\ud83d\udcde <strong data-start=\"3258\" data-end=\"3277\">+40 744 160 231<\/strong><\/p>\t\t\t\t\t\t\t\t<\/div>\n\t\t\t\t<\/div>\n\t\t\t\t\t<\/div>\n\t\t\t\t<\/div>\n\t\t\t\t<\/div>\n\t\t","protected":false},"excerpt":{"rendered":"","protected":false},"author":1,"featured_media":0,"parent":0,"menu_order":0,"comment_status":"closed","ping_status":"closed","template":"","meta":{"site-sidebar-layout":"no-sidebar","site-content-layout":"","ast-site-content-layout":"full-width-container","site-content-style":"default","site-sidebar-style":"default","ast-global-header-display":"","ast-banner-title-visibility":"","ast-main-header-display":"","ast-hfb-above-header-display":"","ast-hfb-below-header-display":"","ast-hfb-mobile-header-display":"","site-post-title":"disabled","ast-breadcrumbs-content":"","ast-featured-img":"disabled","footer-sml-layout":"","theme-transparent-header-meta":"","adv-header-id-meta":"","stick-header-meta":"","header-above-stick-meta":"","header-main-stick-meta":"","header-below-stick-meta":"","astra-migrate-meta-layouts":"default","ast-page-background-enabled":"default","ast-page-background-meta":{"desktop":{"background-color":"var(--ast-global-color-5)","background-image":"","background-repeat":"repeat","background-position":"center center","background-size":"auto","background-attachment":"scroll","background-type":"","background-media":"","overlay-type":"","overlay-color":"","overlay-opacity":"","overlay-gradient":""},"tablet":{"background-color":"","background-image":"","background-repeat":"repeat","background-position":"center center","background-size":"auto","background-attachment":"scroll","background-type":"","background-media":"","overlay-type":"","overlay-color":"","overlay-opacity":"","overlay-gradient":""},"mobile":{"background-color":"","background-image":"","background-repeat":"repeat","background-position":"center center","background-size":"auto","background-attachment":"scroll","background-type":"","background-media":"","overlay-type":"","overlay-color":"","overlay-opacity":"","overlay-gradient":""}},"ast-content-background-meta":{"desktop":{"background-color":"var(--ast-global-color-4)","background-image":"","background-repeat":"repeat","background-position":"center center","background-size":"auto","background-attachment":"scroll","background-type":"","background-media":"","overlay-type":"","overlay-color":"","overlay-opacity":"","overlay-gradient":""},"tablet":{"background-color":"var(--ast-global-color-4)","background-image":"","background-repeat":"repeat","background-position":"center center","background-size":"auto","background-attachment":"scroll","background-type":"","background-media":"","overlay-type":"","overlay-color":"","overlay-opacity":"","overlay-gradient":""},"mobile":{"background-color":"var(--ast-global-color-4)","background-image":"","background-repeat":"repeat","background-position":"center center","background-size":"auto","background-attachment":"scroll","background-type":"","background-media":"","overlay-type":"","overlay-color":"","overlay-opacity":"","overlay-gradient":""}},"footnotes":""},"class_list":["post-394","page","type-page","status-publish","hentry"],"_links":{"self":[{"href":"https:\/\/stage.sgssolar.ro\/ro\/wp-json\/wp\/v2\/pages\/394","targetHints":{"allow":["GET"]}}],"collection":[{"href":"https:\/\/stage.sgssolar.ro\/ro\/wp-json\/wp\/v2\/pages"}],"about":[{"href":"https:\/\/stage.sgssolar.ro\/ro\/wp-json\/wp\/v2\/types\/page"}],"author":[{"embeddable":true,"href":"https:\/\/stage.sgssolar.ro\/ro\/wp-json\/wp\/v2\/users\/1"}],"replies":[{"embeddable":true,"href":"https:\/\/stage.sgssolar.ro\/ro\/wp-json\/wp\/v2\/comments?post=394"}],"version-history":[{"count":0,"href":"https:\/\/stage.sgssolar.ro\/ro\/wp-json\/wp\/v2\/pages\/394\/revisions"}],"wp:attachment":[{"href":"https:\/\/stage.sgssolar.ro\/ro\/wp-json\/wp\/v2\/media?parent=394"}],"curies":[{"name":"wp","href":"https:\/\/api.w.org\/{rel}","templated":true}]}}